{"id":442,"date":"2024-12-10T23:48:17","date_gmt":"2024-12-10T23:48:17","guid":{"rendered":"https:\/\/ceramicstudio.ca\/fr\/?page_id=442"},"modified":"2024-12-10T23:51:18","modified_gmt":"2024-12-10T23:51:18","slug":"cartes-cadeau","status":"publish","type":"page","link":"https:\/\/ceramicstudio.ca\/fr\/cartes-cadeau\/","title":{"rendered":"Cartes cadeau"},"content":{"rendered":"\n<p id=\"tw-target-text\"><strong>Vous souhaitez offrir de la poterie \u00e0 un proche mais vous ne savez pas exactement quoi offrir ? Offrez-leur une carte cadeau avec Atelier Spirale ! <br><\/strong><br>Les cartes cadeaux avec Atelier Spirale peuvent \u00eatre cr\u00e9\u00e9es pour n&rsquo;importe quel montant et utilis\u00e9es pour tout ce qui est disponible sur notre site Internet.<br>&#8211; Cours priv\u00e9s<br>&#8211; Cours hebdomadaires<br>&#8211; Abonnements mensuels<br>&#8211; Location de fours<br>&#8211; Pi\u00e8ces artistiques uniques en c\u00e9ramique<br><br>Contactez-nous simplement par courriel \u00e0 info@ceramicstudio.ca et nous serons plus qu&rsquo;heureux de vous envoyer toutes les informations dont vous avez besoin.<br><br>Les paiements peuvent \u00eatre effectu\u00e9s par virement \u00e9lectronique \u00e0 info@ceramicstudio.ca ou en esp\u00e8ces en personne au studio<\/p>\n","protected":false},"excerpt":{"rendered":"<p>Vous souhaitez offrir de la poterie \u00e0 un proche mais vous ne savez pas exactement quoi offrir ? Offrez-leur une carte cadeau avec Atelier Spirale ! Les cartes cadeaux avec Atelier Spirale peuvent \u00eatre cr\u00e9\u00e9es pour n&rsquo;importe quel montant et utilis\u00e9es pour tout ce qui est disponible sur notre site Internet.&#8211; Cours priv\u00e9s&#8211; Cours hebdomadaires&#8211; &hellip; <\/p>\n<p class=\"link-more\"><a href=\"https:\/\/ceramicstudio.ca\/fr\/cartes-cadeau\/\" class=\"more-link\">Continuer la lecture<span class=\"screen-reader-text\"> de &laquo;&nbsp;Cartes cadeau&nbsp;&raquo;<\/span><\/a><\/p>\n","protected":false},"author":1,"featured_media":0,"parent":0,"menu_order":0,"comment_status":"closed","ping_status":"closed","template":"","meta":{"content-type":"","footnotes":""},"class_list":["post-442","page","type-page","status-publish","hentry"],"_links":{"self":[{"href":"https:\/\/ceramicstudio.ca\/fr\/wp-json\/wp\/v2\/pages\/442"}],"collection":[{"href":"https:\/\/ceramicstudio.ca\/fr\/wp-json\/wp\/v2\/pages"}],"about":[{"href":"https:\/\/ceramicstudio.ca\/fr\/wp-json\/wp\/v2\/types\/page"}],"author":[{"embeddable":true,"href":"https:\/\/ceramicstudio.ca\/fr\/wp-json\/wp\/v2\/users\/1"}],"replies":[{"embeddable":true,"href":"https:\/\/ceramicstudio.ca\/fr\/wp-json\/wp\/v2\/comments?post=442"}],"version-history":[{"count":3,"href":"https:\/\/ceramicstudio.ca\/fr\/wp-json\/wp\/v2\/pages\/442\/revisions"}],"predecessor-version":[{"id":447,"href":"https:\/\/ceramicstudio.ca\/fr\/wp-json\/wp\/v2\/pages\/442\/revisions\/447"}],"wp:attachment":[{"href":"https:\/\/ceramicstudio.ca\/fr\/wp-json\/wp\/v2\/media?parent=442"}],"curies":[{"name":"wp","href":"https:\/\/api.w.org\/{rel}","templated":true}]}}