{"id":373,"date":"2023-05-31T02:17:37","date_gmt":"2023-05-31T02:17:37","guid":{"rendered":"https:\/\/ceramicstudio.ca\/fr\/?page_id=373"},"modified":"2024-11-01T20:56:57","modified_gmt":"2024-11-01T20:56:57","slug":"abonnements-mensuels","status":"publish","type":"page","link":"https:\/\/ceramicstudio.ca\/fr\/abonnements-mensuels\/","title":{"rendered":"Abonnements Mensuels"},"content":{"rendered":"\n<p>Les abonnements mensuels sont de 160 $ (plus taxes = 182 $) pour 20 heures par mois.<br>Quand les 20 heures coules, les Membres peuvent acheter 10 heures additionnels pour 60$ +taxes (69$)<br> Les adh\u00e9sions commencent au d\u00e9but du mois jusqu&rsquo;au dernier jour du mois.<br> L&rsquo;argile, les \u00e9maux et la cuisson ne sont pas inclus.<\/p>\n\n\n\n<p>Quelques informations d\u00e9taill\u00e9es :<\/p>\n\n\n\n<ol class=\"wp-block-list\">\n<li>Vous devrez acheter de l&rsquo;argile du studio. L&rsquo;argile co\u00fbte plus cher. 60 $ par bo\u00eete (20 kg). 30 $ par sac (10 kg). 15$ pour un demi-sac (5kg) taxes incluses. (utiliser la porcelaine studio clay PSH909)<\/li>\n\n\n\n<li>Le co\u00fbt de mise \u00e0 feu est disponible sur notre site Web. https:\/\/ceramicstudio.ca\/firing-services-2\/<\/li>\n\n\n\n<li>Le co\u00fbt du gla\u00e7age est d &lsquo;environ 50 cents par pi\u00e8ce d\u00e9pendamment la taille.<\/li>\n\n\n\n<li>Tout temps de vitrage dans le studio sera d\u00e9duit de vos heures de studio.<\/li>\n\n\n\n<li>Les heures non utilis\u00e9es ne sont pas report\u00e9es au mois suivant.<\/li>\n\n\n\n<li>Vous commencez \u00e0 nettoyer 15 minutes avant l&rsquo;heure de d\u00e9part. Le studio doit \u00eatre laiss\u00e9 dans un \u00e9tat raisonnable. Vous pouvez me demander de v\u00e9rifier avant de partir.<\/li>\n\n\n\n<li>Les seaux d&rsquo;eau sont sous votre propre responsabilit\u00e9. Si vous utilisez une roue, remplissez la v\u00f4tre pour votre usage, et une fois le nettoyage termin\u00e9, remplissez-la et placez-la pr\u00e8s de la roue.<\/li>\n\n\n\n<li>Le mentorat n&rsquo;est pas inclus dans le prix mais c&rsquo;est \u00e0 notre discr\u00e9tion. Le mentorat d\u00e9pendra de notre gestion personnelle du temps. (comme vous le savez, nous aimons toujours \u00eatre amicaux et serviables dans la mesure du possible, mais comme nous enseignons ou r\u00e9alisons nos propres projets pendant certaines de ces p\u00e9riodes, il se peut que ce ne soit pas aussi disponible que pr\u00e9vu).<\/li>\n\n\n\n<li>Nous vous offrirons un espace limit\u00e9 jusqu&rsquo;\u00e0 ce que vous ayez suffisamment de travail pour remplir un four. (ensuite vous faites votre vitrage et d\u00e9gagez votre espace pour la prochaine production ou un nouveau membre)<\/li>\n\n\n\n<li>Apportez votre propre serviette\/tablier.<\/li>\n<\/ol>\n\n\n\n<p>CALENDRIER:<br>\nIl devrait y avoir suffisamment d&rsquo;espace pour pratiquer pendant les p\u00e9riodes suivantes dans notre salle de four. Ou dans l&rsquo;espace d&rsquo;enseignement principal entre les cours. Ce sont nos heures de travail typiques, mais d\u00e9pendront en fin de compte de l&rsquo;horaire des cours dans le cours \u00e0 venir&nbsp;:<\/p>\n\n\n\n<p>Lundi 16h \u00e0 22h<br>Mardi 17h \u00e0 21h<br>Mercredi 16h \u00e0 22h<br>Jeudi 17h \u00e0 21h<br>Vendredi 12h \u00e0 17h<br>Samedi 11h \u00e0 14h (Nos \u00e9tudiants dans les cours de 7 semaine vont avoir la priorit\u00e9 des places le samedi)<\/p>\n","protected":false},"excerpt":{"rendered":"<p>Les abonnements mensuels sont de 160 $ (plus taxes = 182 $) pour 20 heures par mois.Quand les 20 heures coules, les Membres peuvent acheter 10 heures additionnels pour 60$ +taxes (69$) Les adh\u00e9sions commencent au d\u00e9but du mois jusqu&rsquo;au dernier jour du mois. L&rsquo;argile, les \u00e9maux et la cuisson ne sont pas inclus. Quelques &hellip; <\/p>\n<p class=\"link-more\"><a href=\"https:\/\/ceramicstudio.ca\/fr\/abonnements-mensuels\/\" class=\"more-link\">Continuer la lecture<span class=\"screen-reader-text\"> de &laquo;&nbsp;Abonnements Mensuels&nbsp;&raquo;<\/span><\/a><\/p>\n","protected":false},"author":1,"featured_media":0,"parent":0,"menu_order":0,"comment_status":"closed","ping_status":"closed","template":"","meta":{"content-type":"","footnotes":""},"class_list":["post-373","page","type-page","status-publish","hentry"],"_links":{"self":[{"href":"https:\/\/ceramicstudio.ca\/fr\/wp-json\/wp\/v2\/pages\/373"}],"collection":[{"href":"https:\/\/ceramicstudio.ca\/fr\/wp-json\/wp\/v2\/pages"}],"about":[{"href":"https:\/\/ceramicstudio.ca\/fr\/wp-json\/wp\/v2\/types\/page"}],"author":[{"embeddable":true,"href":"https:\/\/ceramicstudio.ca\/fr\/wp-json\/wp\/v2\/users\/1"}],"replies":[{"embeddable":true,"href":"https:\/\/ceramicstudio.ca\/fr\/wp-json\/wp\/v2\/comments?post=373"}],"version-history":[{"count":4,"href":"https:\/\/ceramicstudio.ca\/fr\/wp-json\/wp\/v2\/pages\/373\/revisions"}],"predecessor-version":[{"id":440,"href":"https:\/\/ceramicstudio.ca\/fr\/wp-json\/wp\/v2\/pages\/373\/revisions\/440"}],"wp:attachment":[{"href":"https:\/\/ceramicstudio.ca\/fr\/wp-json\/wp\/v2\/media?parent=373"}],"curies":[{"name":"wp","href":"https:\/\/api.w.org\/{rel}","templated":true}]}}