{"id":31,"date":"2018-11-28T01:17:10","date_gmt":"2018-11-28T01:17:10","guid":{"rendered":"https:\/\/ceramicstudio.ca\/fr\/?page_id=31"},"modified":"2026-02-23T22:00:12","modified_gmt":"2026-02-23T22:00:12","slug":"cours-offerts-5-jours-par-semaine","status":"publish","type":"page","link":"https:\/\/ceramicstudio.ca\/fr\/","title":{"rendered":"Cours offerts 5 jours par semaine"},"content":{"rendered":"\n<p><strong>Inscription pour la session de printemps est ouverte!<\/strong><br><\/p>\n\n\n\n<p><strong>Les cours de automne 2026 vont commencer la  semaine du 9 mars!<\/strong><\/p>\n\n\n\n<p>Apprenez comment cr\u00e9er vos propres pi\u00e8ces en argile<\/p>\n\n\n\n<p>L\u2019artiste Mahmoud Baghaeian propose des cours 5 jours par semaine dans son studio. Choisissez le jour qui correspond le mieux \u00e0 votre emploi du temps ou \u00e9changez les cours avec d\u2019autres \u00e9tudiants via la page Facebook. Pendant les deux derni\u00e8res semaines de vitrage, le studio est ouvert tous les soirs \u00e0 tous les \u00e9tudiants pour leur permettre de travailler \u00e0 leur guise.<\/p>\n\n\n\n<figure class=\"wp-block-embed is-type-video is-provider-youtube wp-block-embed-youtube wp-embed-aspect-4-3 wp-has-aspect-ratio\"><div class=\"wp-block-embed__wrapper\">\n<iframe loading=\"lazy\" title=\"Mahmoud Baghaeian the Potter Part 1 of 2\" width=\"525\" height=\"394\" src=\"https:\/\/www.youtube.com\/embed\/QoAfrYRn1uA?feature=oembed\" frameborder=\"0\" allow=\"accelerometer; autoplay; clipboard-write; encrypted-media; gyroscope; picture-in-picture; web-share\" referrerpolicy=\"strict-origin-when-cross-origin\" allowfullscreen><\/iframe>\n<\/div><\/figure>\n\n\n\n<blockquote class=\"wp-block-quote is-layout-flow wp-block-quote-is-layout-flow\">\n<p><em>Les formes que je cr\u00e9e me servent de canevas \u00e0 des motifs qui, s\u2019ils s\u2019inspirent de la tradition perse, en d\u00e9fient les r\u00e8gles de sym\u00e9trie typiques tout en respectant l\u2019harmonie forme-surface.<\/em>&nbsp;\u2013 Mahmoud Baghaeian<\/p>\n<\/blockquote>\n","protected":false},"excerpt":{"rendered":"<p>Inscription pour la session de printemps est ouverte! Les cours de automne 2026 vont commencer la semaine du 9 mars! Apprenez comment cr\u00e9er vos propres pi\u00e8ces en argile L\u2019artiste Mahmoud Baghaeian propose des cours 5 jours par semaine dans son studio. Choisissez le jour qui correspond le mieux \u00e0 votre emploi du temps ou \u00e9changez &hellip; <\/p>\n<p class=\"link-more\"><a href=\"https:\/\/ceramicstudio.ca\/fr\/\" class=\"more-link\">Continuer la lecture<span class=\"screen-reader-text\"> de &laquo;&nbsp;Cours offerts 5 jours par semaine&nbsp;&raquo;<\/span><\/a><\/p>\n","protected":false},"author":1,"featured_media":32,"parent":0,"menu_order":0,"comment_status":"closed","ping_status":"closed","template":"","meta":{"content-type":"","footnotes":""},"class_list":["post-31","page","type-page","status-publish","has-post-thumbnail","hentry"],"_links":{"self":[{"href":"https:\/\/ceramicstudio.ca\/fr\/wp-json\/wp\/v2\/pages\/31"}],"collection":[{"href":"https:\/\/ceramicstudio.ca\/fr\/wp-json\/wp\/v2\/pages"}],"about":[{"href":"https:\/\/ceramicstudio.ca\/fr\/wp-json\/wp\/v2\/types\/page"}],"author":[{"embeddable":true,"href":"https:\/\/ceramicstudio.ca\/fr\/wp-json\/wp\/v2\/users\/1"}],"replies":[{"embeddable":true,"href":"https:\/\/ceramicstudio.ca\/fr\/wp-json\/wp\/v2\/comments?post=31"}],"version-history":[{"count":65,"href":"https:\/\/ceramicstudio.ca\/fr\/wp-json\/wp\/v2\/pages\/31\/revisions"}],"predecessor-version":[{"id":497,"href":"https:\/\/ceramicstudio.ca\/fr\/wp-json\/wp\/v2\/pages\/31\/revisions\/497"}],"wp:featuredmedia":[{"embeddable":true,"href":"https:\/\/ceramicstudio.ca\/fr\/wp-json\/wp\/v2\/media\/32"}],"wp:attachment":[{"href":"https:\/\/ceramicstudio.ca\/fr\/wp-json\/wp\/v2\/media?parent=31"}],"curies":[{"name":"wp","href":"https:\/\/api.w.org\/{rel}","templated":true}]}}