{"id":167,"date":"2019-05-04T19:25:58","date_gmt":"2019-05-04T19:25:58","guid":{"rendered":"https:\/\/ceramicstudio.ca\/fr\/?page_id=167"},"modified":"2024-11-01T20:58:51","modified_gmt":"2024-11-01T20:58:51","slug":"service-de-cuison","status":"publish","type":"page","link":"https:\/\/ceramicstudio.ca\/fr\/service-de-cuison\/","title":{"rendered":"Service de cuisson &#8211; Ouvert maintenant"},"content":{"rendered":"\n<p><strong>Services de cuisson pour le public<br><br><\/strong>Nous offrons des services de cuisson \u00e0 l\u2019Atelier Spirale. Nous disposons de 8 fours \u00e9lectriques informatis\u00e9s de diverses dimensions. Pour r\u00e9server un four, vous pouvez joindre l\u2019atelier part t\u00e9l\u00e9phone au (514) 284-6630. Nous coordonnerons une heure \u00e0 laquelle vous pourrez charger votre four. Un petit cours d&rsquo;enfournement de 30$ est necessaire la premiere fois vous faites une cuisson. Un adjoint sera sur place pour aider et r\u00e9pondre \u00e0 vos questions en tout temps. Vous pourrez \u00e9galement acheter du temps pour glacer \u00e0 l\u2019atelier, soit avec vos propres gla\u00e7ures ou celles disponibles sur place (con\u00e7ues pour cone 6) moyennant des frais additionnels (voir ci-dessous).<\/p>\n\n\n\n<p><em>La tarification dans le tableau ci-dessous est bas\u00e9e sur un horaire de cuisson \u00e9lectrique de base (vitesse moyenne ou rapide). Pour des horaires de cuisson pr\u00e9cis (les temp\u00e9ratures de mac\u00e9ration ou de fixation, incluant le pr\u00e9chauffage \u00e0 une moiteur chandeli\u00e8re \u00e0 partir de morceaux humides) les prix sont assujettis \u00e0 une augmentation selon chaque cas.<\/em><br><\/p>\n\n\n\n<table id=\"tablepress-1\" class=\"tablepress tablepress-id-1\">\n<tbody>\n<tr class=\"row-1\">\n\t<td class=\"column-1\">Four no.<\/td><td class=\"column-2\">Mod\u00e8le<br \/>\n<\/td><td class=\"column-3\">Taille<\/td><td class=\"column-4\">Co\u00fbt de cuisson jusqu'a ^06<br \/>\n<\/td><td class=\"column-5\">Co\u00fbt de cuisson jusqu'a ^6<\/td><td class=\"column-6\">Tablettes (nombre et dimensions)<br \/>\n<\/td>\n<\/tr>\n<tr class=\"row-2\">\n\t<td class=\"column-1\">1<\/td><td class=\"column-2\">Skutt <br \/>\nMod\u00e8le KM-714<br \/>\n<\/td><td class=\"column-3\">1.5 pieds cube<br \/>\r\nH=13 po D=14.5 po<\/td><td class=\"column-4\">$45<\/td><td class=\"column-5\">$55<\/td><td class=\"column-6\">6 rondes 1 demi ronde<br \/>\r\n13 pouces de diam\u00e8tre<\/td>\n<\/tr>\n<tr class=\"row-3\">\n\t<td class=\"column-1\">2<\/td><td class=\"column-2\">Blue Diamond<br \/>\nMod\u00e8le 180<\/td><td class=\"column-3\">2.8 pieds cube<br \/>\r\nH=22 po D= 17 po<br \/>\r\n<br \/>\r\n<\/td><td class=\"column-4\">$55<\/td><td class=\"column-5\">$70<\/td><td class=\"column-6\">6 rondes, 1 demi ronde<br \/>\r\n15 pouces de diam\u00e8tre<\/td>\n<\/tr>\n<tr class=\"row-4\">\n\t<td class=\"column-1\">3<\/td><td class=\"column-2\">Duncan<br \/>\nMod\u00e8le DK620.2C<\/td><td class=\"column-3\">2.8 pieds cube<br \/>\nH=22 po D= 17 po<br \/>\n<br \/>\n<\/td><td class=\"column-4\">$55<\/td><td class=\"column-5\">$70<\/td><td class=\"column-6\">6 rondes, 1 demi ronde<br \/>\n15 pouces de diam\u00e8tre<\/td>\n<\/tr>\n<tr class=\"row-5\">\n\t<td class=\"column-1\">4<\/td><td class=\"column-2\">Paragon<br \/>\nMod\u00e8le9-17-22<\/td><td class=\"column-3\">3.3 pieds cube<br \/>\nH=27 po D=17 po<br \/>\n<br \/>\n<\/td><td class=\"column-4\">$65<\/td><td class=\"column-5\">$80<\/td><td class=\"column-6\">6 rondes, demi ronde<br \/>\n15 pouces de diam\u00e8tre<\/td>\n<\/tr>\n<tr class=\"row-6\">\n\t<td class=\"column-1\">5<\/td><td class=\"column-2\">Duncan <br \/>\nMod\u00e8le DK1020.1<\/td><td class=\"column-3\">5.8 pieds cube<br \/>\nH=22 po D= 23.5 po<br \/>\n<br \/>\n<\/td><td class=\"column-4\">$110<\/td><td class=\"column-5\">$140<\/td><td class=\"column-6\">19 demi rondes<br \/>\n21 pouces de diam\u00e8tre<\/td>\n<\/tr>\n<tr class=\"row-7\">\n\t<td class=\"column-1\">6<\/td><td class=\"column-2\">Duncan <br \/>\nMod\u00e8le DK1029.2C<\/td><td class=\"column-3\">7 pieds cube<br \/>\nH=27 po D=23 po <\/td><td class=\"column-4\">$135<\/td><td class=\"column-5\">$165<\/td><td class=\"column-6\">6 tablettes rondes<br \/>\n21 pouces de diam\u00e8tre<\/td>\n<\/tr>\n<tr class=\"row-8\">\n\t<td class=\"column-1\">7<\/td><td class=\"column-2\">Cone Art (rond)<br \/>\nMod\u00e8le BX2827D<\/td><td class=\"column-3\">12.25 pied cube<br \/>\nH=27 po D=28 po<\/td><td class=\"column-4\">$185<\/td><td class=\"column-5\">$270<\/td><td class=\"column-6\">12 demi rondes<br \/>\r\n13 po x 26 po<br \/>\r\n6 rectangle<br \/>\r\n12 po x 26 po<\/td>\n<\/tr>\n<tr class=\"row-9\">\n\t<td class=\"column-1\">8<\/td><td class=\"column-2\">Cone Art (oval)<br \/>\nMod\u00e8le BX4227<\/td><td class=\"column-3\">16.5 pieds cube<br \/>\nH=27 po D=42x30 po<br \/>\n<br \/>\n<\/td><td class=\"column-4\">$300<\/td><td class=\"column-5\">$380<\/td><td class=\"column-6\">12 demi rondes<br \/>\n13 po x 26 po<br \/>\n6 rectangle<br \/>\n12 po x 26 po<\/td>\n<\/tr>\n<\/tbody>\n<\/table>\n<!-- #tablepress-1 from cache -->\n\n\n\n<p>Les fours sont contr\u00f4l\u00e9s par un ordinateur et suivent le r\u00e9glage de cuisson que vous choisissez pour atteindre votre temp\u00e9rature d\u00e9sir\u00e9e.<br><\/p>\n\n\n\n<p>Nous faisons notre possible pour offrir une excellente cuisson, en consid\u00e9ration d\u2019une connaissance de ton mat\u00e9riau. N\u00e9anmoins, en raison de la nature du proc\u00e9d\u00e9 et du mat\u00e9riau c\u00e9ramique, en plus du risque d\u2019une panne d\u2019\u00e9quipement, nous ne pouvons pas garantir une cuisson parfaite, 100 % du temps. Ainsi, nous n\u2019assumons pas la responsabilit\u00e9 pour les pertes dans ces cas rares.<br><\/p>\n\n\n\n<p><strong>Les frais de cuisson sont du avant de quitter l&rsquo;atelier.<\/strong><br><\/p>\n\n\n\n<p>Il est attendu que vous veillez au chargement de vos propres pi\u00e8ces dans le four, mais vous n\u2019\u00eates pas tenu de rester pendant la cuisson. Vous serez avis\u00e9 lorsque la cuisson sera termin\u00e9e. <br><\/p>\n\n\n\n<p>Vous devez coordonner avec l\u2019atelier pour la cueillette ou la gla\u00e7ure peu de temps apr\u00e8s avoir \u00e9t\u00e9 avis\u00e9 de la fin de la cuisson.<br><\/p>\n\n\n\n<p><strong>Espace et temps pour glacer<\/strong><br>Si vous d\u00e9cidez de glacer vos pi\u00e8ces \u00e0 l\u2019atelier, vous pouvez r\u00e9server une plage horaire selon votre agenda.<br><br>Bien que le temps que vous passez \u00e0 l\u2019atelier pour charger le four ne soit pas factur\u00e9, des frais de 20 $ par heure s&rsquo;appliquent pour l&rsquo;utilisation de l\u2019espace dans le but de glacer vos pi\u00e8ces. Si vous utilisez nos gla\u00e7ures, des frais additionnels s&rsquo;appliquent en fonction de la gla\u00e7ure utilis\u00e9e, et le nombre de pi\u00e8ces. <\/p>\n\n\n\n<p><br><strong>Pour \u00e9viter des probl\u00e8mes de cuisson, et d\u2019endommager nos \u00e9quipements<\/strong><br><\/p>\n\n\n\n<p>Nous recommandons de vous renseigner sur la temp\u00e9rature de maturit\u00e9 de votre glaise, et de conna\u00eetre la temp\u00e9rature pour laquelle votre gla\u00e7ure a \u00e9t\u00e9 con\u00e7ue.<br><\/p>\n\n\n\n<p>Vous devriez vous assurer \u00e0 ce que les pi\u00e8ces soient enti\u00e8rement s\u00e8ches avant de les apporter.<\/p>\n\n\n\n<p>Si vous devez reprendre le pr\u00e9chauffage pour ass\u00e9cher des morceaux, parce que ceux-ci ne sont pas secs, un frais suppl\u00e9mentaire est \u00e0 pr\u00e9voir d\u00e9pendamment du four utilis\u00e9. Un taux horaire est n\u00e9goci\u00e9 pour une dur\u00e9e de cuisson qui d\u00e9passe ce qui est typique dans celui-ci.<br><\/p>\n\n\n\n<p>Des frais additionnels sont \u00e0 pr\u00e9voir \u00e9galement pour une mac\u00e9ration et une fixation de la temp\u00e9rature maximale pendant la cuisson, et pour des programmes de refroidissement contr\u00f4l\u00e9.<br><\/p>\n\n\n\n<p>Si vous appliquez des gla\u00e7ures \u00e0 vos pi\u00e8ces, \u00e9vitez une application \u00e9paisse, ou la superposition des gla\u00e7ures qui entra\u00eenent des \u00e9coulements volumineux, afin d\u2019\u00e9viter d\u2019endommager nos tablettes de four.<br><br>Les derniers 3mm de vos pi\u00e8ces doivent \u00eatre bien essuy\u00e9es, et sans gla\u00e7ure afin de ne pas s\u2019adh\u00e9rer \u00e0 la tablette.<br><\/p>\n\n\n\n<p><strong>En cas de dommages, vous serez responsable des co\u00fbts.<\/strong><br><\/p>\n","protected":false},"excerpt":{"rendered":"<p>Services de cuisson pour le public Nous offrons des services de cuisson \u00e0 l\u2019Atelier Spirale. Nous disposons de 8 fours \u00e9lectriques informatis\u00e9s de diverses dimensions. Pour r\u00e9server un four, vous pouvez joindre l\u2019atelier part t\u00e9l\u00e9phone au (514) 284-6630. Nous coordonnerons une heure \u00e0 laquelle vous pourrez charger votre four. Un petit cours d&rsquo;enfournement de 30$ &hellip; <\/p>\n<p class=\"link-more\"><a href=\"https:\/\/ceramicstudio.ca\/fr\/service-de-cuison\/\" class=\"more-link\">Continuer la lecture<span class=\"screen-reader-text\"> de &laquo;&nbsp;Service de cuisson &#8211; Ouvert maintenant&nbsp;&raquo;<\/span><\/a><\/p>\n","protected":false},"author":1,"featured_media":0,"parent":0,"menu_order":0,"comment_status":"closed","ping_status":"closed","template":"","meta":{"content-type":"","footnotes":""},"class_list":["post-167","page","type-page","status-publish","hentry"],"_links":{"self":[{"href":"https:\/\/ceramicstudio.ca\/fr\/wp-json\/wp\/v2\/pages\/167"}],"collection":[{"href":"https:\/\/ceramicstudio.ca\/fr\/wp-json\/wp\/v2\/pages"}],"about":[{"href":"https:\/\/ceramicstudio.ca\/fr\/wp-json\/wp\/v2\/types\/page"}],"author":[{"embeddable":true,"href":"https:\/\/ceramicstudio.ca\/fr\/wp-json\/wp\/v2\/users\/1"}],"replies":[{"embeddable":true,"href":"https:\/\/ceramicstudio.ca\/fr\/wp-json\/wp\/v2\/comments?post=167"}],"version-history":[{"count":18,"href":"https:\/\/ceramicstudio.ca\/fr\/wp-json\/wp\/v2\/pages\/167\/revisions"}],"predecessor-version":[{"id":441,"href":"https:\/\/ceramicstudio.ca\/fr\/wp-json\/wp\/v2\/pages\/167\/revisions\/441"}],"wp:attachment":[{"href":"https:\/\/ceramicstudio.ca\/fr\/wp-json\/wp\/v2\/media?parent=167"}],"curies":[{"name":"wp","href":"https:\/\/api.w.org\/{rel}","templated":true}]}}