{"id":165,"date":"2019-05-04T19:25:45","date_gmt":"2019-05-04T19:25:45","guid":{"rendered":"https:\/\/ceramicstudio.ca\/fr\/?page_id=165"},"modified":"2023-02-17T19:36:43","modified_gmt":"2023-02-17T19:36:43","slug":"cours-prive","status":"publish","type":"page","link":"https:\/\/ceramicstudio.ca\/fr\/cours-prive\/","title":{"rendered":"Cours priv\u00e9"},"content":{"rendered":"\n<p>Cours de poterie priv\u00e9s<br><\/p>\n\n\n\n<p>Si la c\u00e9ramique vous int\u00e9resse, mais vous ne pouvez pas vous engager \u00e0 un de nos trimestres de 10 semaines, ou vous voulez r\u00e9server une s\u00e9ance de groupe priv\u00e9e pour vous et des amis, de la famille ou des coll\u00e8gues, nous pouvons vous accommoder. Les cours priv\u00e9s sont parfaits pour les exercices de consolidation d\u2019\u00e9quipe, les anniversaires, la f\u00eate des M\u00e8res, et bien d\u2019autres \u00e9v\u00e8nements. Les cours priv\u00e9s peuvent \u00eatre individualis\u00e9s \u00e0 vos besoins et selon les tarifs indiqu\u00e9s ci-dessous.<br><\/p>\n\n\n\n<p>Pour s&rsquo;inscrire aux cours priv\u00e9s svp contactez Mahmoud a (514 284-6630), ou par courriel  info@ceramicstudio.ca <\/p>\n\n\n\n<p><\/p>\n\n\n\n<p><strong>Les tarifs sont les suivants : (taxes non incluses)<br><br> \u00a02 personnes = 3\u00a0h 230\u00a0$<br> \u00a03 personnes = 2\u00a0h 245$<\/strong> <strong>, 3\u00a0h 305$<br> \u00a04 personnes = 2\u00a0h 310$<\/strong> <strong>, 3\u00a0h 370$<br> \u00a05 personnes = 2\u00a0h 365$, 3\u00a0h 435$<br> \u00a06 personnes = 2\u00a0h 420$, 3\u00a0h 500$<\/strong><br> \u00a0<strong>7 personnes = 2 h 475$, 3 h 565$ <br> \u00a08 personnes = 2 h 530$, 3 h 635$ <br>  9 personnes = 2 h 585$, 3 h 695$<\/strong><br><strong>  10 personnes =  2 h 640<\/strong> <strong>$<\/strong> <strong>, 3 h 760$<br>  11 personnes = 2 h 695$<\/strong> <strong>, 3 h 825$<\/strong> <strong><br>  12 personnes = 2 h 750$<\/strong> <strong>, 3 h 890$<\/strong> <strong><br>  13 personnes = 2 h 805$<\/strong> <strong>, 3 h 955$<\/strong> <\/p>\n\n\n\n<p><br><\/p>\n\n\n\n<p><br><strong>  <\/strong><\/p>\n\n\n\n<p><\/p>\n\n\n\n<p><br> <\/p>\n\n\n\n<p><strong>Au sujet des cours priv\u00e9s<\/strong><\/p>\n\n\n\n<p>Les cours sont ouverts aux personnes de tous \u00e2ges, cependant, ceux et celles qui ne sont pas majoritaires doivent \u00eatre accompagn\u00e9.e.s d\u2019un adulte participant. <br><\/p>\n\n\n\n<p>Nous pouvons accueillir jusqu\u2019\u00e0 6 personnes pour le tournage et jusqu\u2019\u00e0 4 pour le modelage\/sculpture. <br><\/p>\n\n\n\n<p>Les cours priv\u00e9s peuvent \u00eatre r\u00e9serv\u00e9s pour vous accommoder pour jusqu\u2019\u00e0 3 heures, en dehors de la p\u00e9riode allou\u00e9e pour les cours trimestriels <br><\/p>\n\n\n\n<p>Les frais comprennent la glaise, les outils, et la cuisson avec votre choix de gla\u00e7ure. Vous serez avis\u00e9 entre 4-6 semaines apr\u00e8s votre cours pour d\u00e9terminer une heure de cueillette de vos \u0153uvres termin\u00e9es.<br><\/p>\n\n\n\n<p>Vous vous mettrez les mains \u00e0 la p\u00e2te! Donc portez des v\u00eatements confortables que \u00e7a ne vous d\u00e9range pas de voir prendre de la glaise. La glaise part facilement au lavage sans tacher. Vous \u00eates tenu d\u2019apporter une serviette pour vous s\u00e9cher les mains. <br><\/p>\n\n\n\n<p>Si vous suivez un cours de tournage, il est recommand\u00e9 de ne pas porter de bagues ou de bracelets, et d\u2019avoir les ongles tr\u00e8s courts.<br>Pour plus d\u2019informations ou pour r\u00e9server votre\/vos cours, veuillez \u00e9crire \u00e0 <a href=\"mailto:info@ceramicstudio.ca\">info@ceramicstudio.ca<\/a> ou appeler au  (514) 439-5752) <\/p>\n","protected":false},"excerpt":{"rendered":"<p>Cours de poterie priv\u00e9s Si la c\u00e9ramique vous int\u00e9resse, mais vous ne pouvez pas vous engager \u00e0 un de nos trimestres de 10 semaines, ou vous voulez r\u00e9server une s\u00e9ance de groupe priv\u00e9e pour vous et des amis, de la famille ou des coll\u00e8gues, nous pouvons vous accommoder. Les cours priv\u00e9s sont parfaits pour les &hellip; <\/p>\n<p class=\"link-more\"><a href=\"https:\/\/ceramicstudio.ca\/fr\/cours-prive\/\" class=\"more-link\">Continuer la lecture<span class=\"screen-reader-text\"> de &laquo;&nbsp;Cours priv\u00e9&nbsp;&raquo;<\/span><\/a><\/p>\n","protected":false},"author":1,"featured_media":0,"parent":0,"menu_order":0,"comment_status":"closed","ping_status":"closed","template":"","meta":{"content-type":"","footnotes":""},"class_list":["post-165","page","type-page","status-publish","hentry"],"_links":{"self":[{"href":"https:\/\/ceramicstudio.ca\/fr\/wp-json\/wp\/v2\/pages\/165"}],"collection":[{"href":"https:\/\/ceramicstudio.ca\/fr\/wp-json\/wp\/v2\/pages"}],"about":[{"href":"https:\/\/ceramicstudio.ca\/fr\/wp-json\/wp\/v2\/types\/page"}],"author":[{"embeddable":true,"href":"https:\/\/ceramicstudio.ca\/fr\/wp-json\/wp\/v2\/users\/1"}],"replies":[{"embeddable":true,"href":"https:\/\/ceramicstudio.ca\/fr\/wp-json\/wp\/v2\/comments?post=165"}],"version-history":[{"count":14,"href":"https:\/\/ceramicstudio.ca\/fr\/wp-json\/wp\/v2\/pages\/165\/revisions"}],"predecessor-version":[{"id":363,"href":"https:\/\/ceramicstudio.ca\/fr\/wp-json\/wp\/v2\/pages\/165\/revisions\/363"}],"wp:attachment":[{"href":"https:\/\/ceramicstudio.ca\/fr\/wp-json\/wp\/v2\/media?parent=165"}],"curies":[{"name":"wp","href":"https:\/\/api.w.org\/{rel}","templated":true}]}}