{"id":14,"date":"2018-11-28T01:12:06","date_gmt":"2018-11-28T01:12:06","guid":{"rendered":"https:\/\/ceramicstudio.ca\/fr\/?page_id=14"},"modified":"2024-09-02T19:23:34","modified_gmt":"2024-09-02T19:23:34","slug":"biographie","status":"publish","type":"page","link":"https:\/\/ceramicstudio.ca\/fr\/biographie\/","title":{"rendered":"Biographie"},"content":{"rendered":"\n<h3 class=\"wp-block-heading\">Mahmoud Baghaeian<\/h3>\n\n\n\n<p>N\u00e9 d\u2019une famille d\u2019artistes Iranienne, Mahmoud Baghaeian a immigr\u00e9 au Canada en 1978. Apr\u00e8s des \u00e9tudes d\u2019ing\u00e9nierie, il d\u00e9couvre l\u2019argile et s\u2019enregistre dans un programme en c\u00e9ramique. Il fait une entr\u00e9e remarqu\u00e9e sur la sc\u00e8ne artistique de Montr\u00e9al avec sa premi\u00e8re exposition majeure en 1990. Son travail est caract\u00e9ris\u00e9 par un d\u00e9cor fluide inspir\u00e9 des dessins perses et des formes classiques raffin\u00e9es: chaque pi\u00e8ce est une peinture autant qu\u2019une sculpture, une relique ancienne autant qu\u2019un objet d\u2019art contemporain. Baghaeian est r\u00e9cipiendaire de nombreux prix et bourses. Il a expos\u00e9 largement, et son travail fait partie de collections publiques, priv\u00e9es et corporatives \u00e0 travers le monde. En 1999 Mahmoud Baghaeian \u00e9tait admis a l&nbsp;\u2018&nbsp;Academie internationale de la ceramique. (AIC)<\/p>\n\n\n\n<p><strong>FORMATION<\/strong><\/p>\n\n\n\n<ul class=\"wp-block-list\">\n<li>1989-90 Centre des arts de Banff (Banff, Alberta)<\/li>\n\n\n\n<li>1987 Atelier de Raku avec Russel Kagan (Montr\u00e9al, Qu\u00e9bec)<\/li>\n\n\n\n<li>1985-87 \u00c9tudes en c\u00e9ramique au C\u00e9gep John Abbott (Ste-Anne-de-Bellevue, Qu\u00e9bec)<\/li>\n\n\n\n<li>1984 Cours de c\u00e9ramique avec Jim Thompson (Ottawa, Ontario)<\/li>\n\n\n\n<li>1979-84 \u00c9cole de g\u00e9nie, Carlton University (Ottawa, Ontario)<\/li>\n\n\n\n<li>1983 Cours de c\u00e9ramique avec Mimi Cabri (Ottawa, Ontario)<\/li>\n\n\n\n<li>1975-77 Atelier de peinture et sculpture, Caspian Sea Art Camp (atelier d\u2019\u00e9t\u00e9)<\/li>\n\n\n\n<li>1974 Design de tapis persans et de tuiles en c\u00e9ramique Isphahan Academy of Arts (Isphahan, Iran)<\/li>\n<\/ul>\n\n\n\n<p><strong>PRIX ET BOURSES<\/strong><\/p>\n\n\n\n<ul class=\"wp-block-list\">\n<li>2017 Prix pour c\u00e9ramique Tucker&rsquo;s, Toronto Outdoor Arts Exhibition (Toronto, ON)<\/li>\n\n\n\n<li>2006 Biennale de c\u00e9ramique de T\u00e9h\u00e9ran Iran:<br>Premiers prix dans les categories : Artisanat et Design<\/li>\n\n\n\n<li>2000, 2001, 2002, 2003 Conseil des arts et des lettres du Qu\u00e9bec \u2013 bourse de d\u00e9placement<\/li>\n\n\n\n<li>1999, 2000, 2002, 2003, 2004 Conseil des arts du Canada \u2013 bourse de d\u00e9placement<\/li>\n\n\n\n<li>1997 Premier prix, c\u00e9ramique d\u00e9corative \u2013 1001 Pots (Val-David, Qu\u00e9bec)<\/li>\n\n\n\n<li>1995 Mention du jury et Prix du public Comp\u00e9tition de bols \u00e0 th\u00e9 japonais (Montr\u00e9al, Qu\u00e9bec)<\/li>\n\n\n\n<li>1977 Bourse d\u2019\u00e9tude en Norv\u00e8ge \u2013 Concours international d\u2019art norv\u00e9gien, (T\u00e9h\u00e9ran, Iran)<\/li>\n\n\n\n<li>1975 3e Prix, First Decade of White Revolution Painting Competition (T\u00e9h\u00e9ran, Iran)<\/li>\n<\/ul>\n\n\n\n<p><strong>ASSOCIATIONS<\/strong><\/p>\n\n\n\n<ul class=\"wp-block-list\">\n<li>Depuis 1999 International Academy of Ceramics (Gen\u00e8ve, Suisse)<\/li>\n\n\n\n<li>Depuis 1999 Conseil des m\u00e9tiers d\u2019art du Qu\u00e9bec (Montr\u00e9al, Qu\u00e9bec)<\/li>\n\n\n\n<li>Depuis 1996 RAAV \u2013 Regroupement des artistes en arts visuels du Qu\u00e9bec (Montr\u00e9al, Qu\u00e9bec)<\/li>\n<\/ul>\n\n\n\n<p><strong>ENSEIGNEMENT ET CONF\u00c9RENCES<\/strong><\/p>\n\n\n\n<ul class=\"wp-block-list\">\n<li>2006 Artiste invit\u00e9 : pr\u00e9sentation de diapositives sur la c\u00e9ramique Yazd, Iran<\/li>\n\n\n\n<li>2002 Pr\u00e9sentation de diapositives et d\u00e9monstrations:<br>The Clay Studio, Philadelphia, PA, USA<\/li>\n\n\n\n<li>2002 Artiste en r\u00e9sidence invit\u00e9:<br>The Clay Studio, Philadelphia, PA, USA<\/li>\n\n\n\n<li>2002 Artiste invit\u00e9&nbsp;: pr\u00e9sentation de diapositives et discussion avec le public sur production personnelle:<br>Conf\u00e9rence NCECA 2000, Charlotte,NC, USA<\/li>\n\n\n\n<li>2001 Artiste invit\u00e9&nbsp;: pr\u00e9sentation de diapositives et discussion avec le public sur production personnelle:<br>Conf\u00e9rence NCECA 2000, Charlotte,NC, USA<\/li>\n\n\n\n<li>2000 Artiste invit\u00e9&nbsp;: pr\u00e9sentation de diapositives et discussion avec le public sur production personnelle:<br>Conf\u00e9rence NCECA 2000, Denver, Colorado, USA<\/li>\n\n\n\n<li>1994 Artiste invit\u00e9: pr\u00e9sentation de diapositives sur la c\u00e9ramique Mus\u00e9e d\u2019art contemporain T\u00e9h\u00e9ran, Iran<\/li>\n\n\n\n<li>1992 Atelier, Centre communautaire (Vile Mont-Royal, Qu\u00e9bec)<\/li>\n\n\n\n<li>1992 Atelier, \u00c9cole des Arts Visuels Edna Manley (Kingston, Jamaica)<\/li>\n\n\n\n<li>1989 Enseignant adjoint, Cours communautaire \u2013 Centre des arts de Banff (Banff, Alberta)<\/li>\n<\/ul>\n\n\n\n<p><strong>EXPOSITIONS DE GROUPE<\/strong><\/p>\n\n\n\n<ul class=\"wp-block-list\">\n<li>2024 AIC-Exposition de groupe s\u00e9l\u00e9ctionn\u00e9 \u2013 Exposition et conference de membre, Alcobaca \/ Caldas da Rainha, Portugal<\/li>\n\n\n\n<li>2022 AIC-\u201cThe Age of Influence : North American Artist-Members\u2019<\/li>\n\n\n\n<li>2018 AIC-Exposition de Membres New Taipei City Yingge Ceramics Museum, Taiwan<\/li>\n\n\n\n<li>2017 AIC-Exposition de Membres Museum of Design, Barcelona SPAIN<\/li>\n\n\n\n<li>2016, 2017 Toronto Outdoor Art Exhibition, Toronto, CANADA<\/li>\n\n\n\n<li>2012\u00a0AIC- Exposition de Membres New Mexico Museum of Fine Arts, Santa Fe, New Mexico USA<\/li>\n\n\n\n<li>2010 AIC \u2013 Exposition de Membres MUS\u00c9E NATIONAL DE C\u00c9RAMIQUE DE S\u00c8VRE2010 IAC, Member\u2019s exhibition Mus\u00e9e national de c\u00e9ramique de S\u00e8vres: S\u00e8vres \u2013 Cit\u00e9 de la c\u00e9ramique Paris, France<\/li>\n\n\n\n<li>2010 Exposition des membres de l\u2019AIC Mus\u00e9e national de c\u00e9ramique de S\u00e8vres, S\u00e8vres \u2013 Cit\u00e9 de la c\u00e9ramique Paris, France<\/li>\n\n\n\n<li>2008 Exposition internationale de c\u00e9ramique contemporaine, Jingdezhen, Chine<\/li>\n\n\n\n<li>2008 Exposition des membres de l\u2019AIC, Xi\u2019an, Chine<\/li>\n\n\n\n<li>2008 Collection d\u2019\u00e9t\u00e9, Studio Georgeville, Georgeville Qc. Canada<\/li>\n\n\n\n<li>2007 31e exposition annuelle des m\u00e9tiers d\u2019art du Mus\u00e9e d\u2019art de Philadelphie , Philadelphie, PA.<\/li>\n\n\n\n<li>2007 Palm Beach 3 Foire d\u2019art contemporain en photographie et Design, Palm Beach Fl. USA<\/li>\n\n\n\n<li>2006 Biennale de c\u00e9ramique de T\u00e9h\u00e9ran Iran<\/li>\n\n\n\n<li>2006 The third international ceramic tile triennial (Elite-tile 2006) Museum of modern art (mam), Santo Domingo, Dominican republic<\/li>\n\n\n\n<li>2006 AIC-Exposition de Membres,(Traveling show) Riga ,Latvia -Tallinn ,Estonia &amp;Vilnius ,Lithuania<\/li>\n\n\n\n<li>2006 Under the azure dome (Persian-Canadian visual arts exhibition) Harbour front cultural center ,Toronto, Ontario, Canada<\/li>\n\n\n\n<li>2005 Le [langage] du Bol, Centre de C\u00e9ramique Bonsecours, Montr\u00e9al, Qu\u00e9bec, Canada<\/li>\n\n\n\n<li>2004 Exposition des membres de l`AIC (L\u2019Acad\u00e9mie Internationale de la C\u00e9ramique) World Ceramic Exposition Foundation , Icheon , Cor\u00e9e<\/li>\n\n\n\n<li>2004 Mus\u00e9e Ariana (Mus\u00e9e de c\u00e9ramique et verre) Gen\u00e8ve, Suisse<\/li>\n\n\n\n<li>2003 Douzi\u00e8me biennale de c\u00e9ramique contemporaine de Ch\u00e2teauroux- Mus\u00e9e des Cordeliers, Chateauroux, France<\/li>\n\n\n\n<li>2003 Collection d\u2019\u00e9t\u00e9- Centre de c\u00e9ramique Bonsecours, Montr\u00e9al,. Qu\u00e9bec, Canada<\/li>\n\n\n\n<li>2003 Made at the Clay Studio- The Clay Studio, Philadelphia, PA, USA<\/li>\n\n\n\n<li>2002 Winter Fest 2002, Baltimore Clayworks, Baltimore, MD, USA<\/li>\n\n\n\n<li>2002 Mastery in Clay, The Clay Studio, Philadelphia, PA, USA<\/li>\n\n\n\n<li>2002 Collection d\u2019\u00e9t\u00e9, Centre de C\u00e9ramique Bonsecours, Montr\u00e9al, Qu\u00e9bec, Canada<\/li>\n\n\n\n<li>2002 Exposition des membres de l`AIC (L\u2019Acad\u00e9mie Internationale de la C\u00e9ramique) \u2013 50e anniversaire, Ath\u00e8nes, Gr\u00e8ce.<\/li>\n\n\n\n<li>2002 Northern Realms \u2013 Exposition de c\u00e9ramique contemporaine qu\u00e9b\u00e9coise, Vermont Clay Studio, Waterbury Center, Vermont, USA<\/li>\n\n\n\n<li>2002 Kansas City Meets Quebec, \u2013 Exposition de c\u00e9ramique contemporaine qu\u00e9b\u00e9coise, au Hyatt Regency Crown Center, Kansas City, MO, organis\u00e9e dans le cadre de la conf\u00e9rence NCECA 2002. Exposition itin\u00e9rante pr\u00e9sent\u00e9e a la Galerie des m\u00e9tiers d\u2019art du Qu\u00e9bec a Montr\u00e9al (9 mai au 9 juin) et au Mus\u00e9e R\u00e9gional de St-Jean-sur-Richelieu, St-Jean-sur-Richelieu, QC (26 juin au 26 ao\u00fbt)<\/li>\n\n\n\n<li>2001 Exposition des membres de l`AIC (L\u2019Acad\u00e9mie Internationale de la C\u00e9ramique). Centre exposition mondial de la C\u00e9ramique, Icheon, Cor\u00e9e<\/li>\n\n\n\n<li>2001 Les Grands Buffets, The Clay Studio, Philadephie, USA.<\/li>\n\n\n\n<li>2001 Un moment dans le temps, une place dans l\u2019espace \u2013 Mus\u00e9e R\u00e9gional de St-Jean-sur-Richelieu, St-Jean-sur-Richelieu, QC<\/li>\n\n\n\n<li>2001 Un moment dans le temps, une place dans l\u2019espace \u2013 Exposition de c\u00e9ramique contemporaine qu\u00e9b\u00e9coise, Queens Gallery and Art Center, Charlotte, NC, organis\u00e9 dans le cadre de la conf\u00e9rence NCECA 2001<\/li>\n\n\n\n<li>2001 Dinner Works 2001, Louisville Visual Art Association, Louisville, Kentuky<\/li>\n\n\n\n<li>2000 AIC (Acad\u00e9mie Internationale de la C\u00e9ramique), Exposition des membres, Keramion (Mus\u00e9e de la C\u00e9ramique Contemporaire) Frechen, Allemagne<\/li>\n\n\n\n<li>2000 Lectures plurielles \u2013 Exposition de c\u00e9ramique contemporaine qu\u00e9b\u00e9coise au Mus\u00e9e R\u00e9gional de St-Jean-sur-Richelieu, St-Jean-sur-Richelieu, QC<\/li>\n\n\n\n<li>2000 Lecture plurielles \u2013 Exposition de c\u00e9ramique contemporaine qu\u00e9b\u00e9coise Galerie de l\u2019Universit\u00e9 de Denver, organis\u00e9e dans le cadre de la conf\u00e9rence NCECA 2000<\/li>\n\n\n\n<li>1999 Ovaisy Gallery (Emeryvile, California)<\/li>\n\n\n\n<li>1998 C\u00e9ramique contemporaine du Qu\u00e9bec, Stewart Hall Gallery (Pointe-Claire, Qu\u00e9bec)<\/li>\n\n\n\n<li>1995-&amp; 1997 Prime Gallery (Toronto, Ontario)<\/li>\n\n\n\n<li>1989-1999 1001 Pots \u2013 La Galerie Kinya Ishikawa (Val-David, Qu\u00e9bec)<\/li>\n\n\n\n<li>1994 Clay and Glass Gallery (Waterloo, Ontario)<\/li>\n\n\n\n<li>1994 Les Int\u00e9rieurs Jean Carsley (Montr\u00e9al, Qu\u00e9bec)<\/li>\n\n\n\n<li>1992 Centre Saidye Bronfman ( Montr\u00e9al, Qu\u00e9bec)<\/li>\n\n\n\n<li>1992 &amp; 1994 Mus\u00e9e d\u2019art contemporain (T\u00e9h\u00e9ran, Iran)<\/li>\n\n\n\n<li>1991-1992 \u00c9v\u00e9nement Feu et flamme (Blainville, Qu\u00e9bec)<\/li>\n\n\n\n<li>1992 San Angelo Museum of Fine Arts (San Angelo, Texas, U.S.A.)<\/li>\n\n\n\n<li>1991 Farfelu, Centre des Arts visuels (Montr\u00e9al, Qu\u00e9bec)<\/li>\n\n\n\n<li>1988 &amp; 1991 Galerie Barbara Silverberg, C\u00e9ramiques Contemporaines (Montr\u00e9al, Qu\u00e9bec)<\/li>\n\n\n\n<li>1991 RAKU, Galerie Lynda Greenberg (Ottawa, Ontario)<\/li>\n\n\n\n<li>1991 Couleurs persanes, Centre interculturel Strathearn (Montr\u00e9al, Qu\u00e9bec)<\/li>\n\n\n\n<li>1987-1990 Exposition annuelle d\u2019art au mois de mai (Vankleek Hill, Ontario)<\/li>\n\n\n\n<li>1989 Guilde canadienne des m\u00e9tiers d\u2019art (Montr\u00e9al, Qu\u00e9bec)<\/li>\n\n\n\n<li>1988 45 artistes canadiens, Galerie Lee Scalar (Morristown, NJ, U.S.A.)<\/li>\n\n\n\n<li>1988 Dimension s en Art, Centre de Design international (Vieux-Montr\u00e9al, Qu\u00e9bec)<\/li>\n\n\n\n<li>1987 Centre de c\u00e9ramique Bonsecours (Montr\u00e9al, Qu\u00e9bec)<\/li>\n\n\n\n<li>1986 Exposition des finissants, c\u00e9gep John Abbott (Ste-Anne-de-Bellevue, Qu\u00e9bec)<\/li>\n\n\n\n<li>1986 Galerie Ufundi (Ottawa, Ontario)<\/li>\n\n\n\n<li>1986 Galerie Les Artisans du Meuble qu\u00e9b\u00e9cois (Montr\u00e9al, Qu\u00e9bec)<\/li>\n\n\n\n<li>1977 Bas reliefs sur marbre, H\u00f4tel de ville, (Yazd, Iran)<\/li>\n<\/ul>\n\n\n\n<p><strong>EXPOSITIONS CONJOINTES (duos)<\/strong><\/p>\n\n\n\n<ul class=\"wp-block-list\">\n<li>1991 Galerie L\u2019empreinte (Vieux-Montr\u00e9al, Qu\u00e9bec)<\/li>\n\n\n\n<li>1990 Galerie d\u2019art Stewart Hall, Centre culturel de Pointe-Claire (Pointe-Claire, QC)<\/li>\n\n\n\n<li>1990 Centre des arts de Banff, (Banff, Alberta)<\/li>\n\n\n\n<li>1989 Centre des arts visuels (Montr\u00e9al, Qu\u00e9bec)<\/li>\n\n\n\n<li>1987 C\u00e9ramique contemporaine, Galerie Barbara Silverberg, (Montr\u00e9al, Qu\u00e9bec)<\/li>\n<\/ul>\n\n\n\n<p><strong>EXPOSITIONS SOLO<\/strong><\/p>\n\n\n\n<ul class=\"wp-block-list\">\n<li>2008 Galerie MEKIC, (Montreal Qc. Canada)<\/li>\n\n\n\n<li>2006 Bounty Gallery, Harbour Front Cultural Center, (Toronto, Ontario)<\/li>\n\n\n\n<li>1998 Hourian Fine Arts Gallery (San Francisco, CA, U.S.A.)<\/li>\n\n\n\n<li>1994 Galerie BARG (T\u00e9h\u00e9ran, Iran)<\/li>\n\n\n\n<li>1993 Centre Calixa Lavall\u00e9e (Montr\u00e9al, Qu\u00e9bec)<\/li>\n\n\n\n<li>1992 Galerie Classic (Isphahan, Iran)<\/li>\n\n\n\n<li>1991 Galerie 89, c\u00e9gep John Abbott (Ste-Anne-de Bellevue, Qu\u00e9bec)<\/li>\n<\/ul>\n\n\n\n<p><strong>PUBLICATIONS S\u00c9LECTIONN\u00c9E DU LIVRES ET REVUES<\/strong><\/p>\n\n\n\n<ul class=\"wp-block-list\">\n<li>Reveista internacional Ceramica, Number 114, 2009 (Revue Espagnole)<\/li>\n\n\n\n<li>Making Marks par Robin Hopper Krause publication USA 2004<\/li>\n\n\n\n<li>Contemporary Studio Porcelain (2i\u00e8me \u00e9dition) par Peter Lane<\/li>\n\n\n\n<li>A&amp;C Black, London \/ University of Pennsylvania Press, Pennsylvania 2003<\/li>\n\n\n\n<li>The Craft and Art of Clay (4i\u00e8me \u00e9dition) Susan Peterson<\/li>\n\n\n\n<li>The Overlook Press Woodstock &amp; New York 2003<\/li>\n\n\n\n<li>The Ceramic Spectrum (2i\u00e8me \u00e9dition) par Robin Hopper<\/li>\n\n\n\n<li>Krause publication USA 2001<\/li>\n\n\n\n<li>La revue de la c\u00e9ramique et du verre Num\u00e9ro 131 Juillet\/Ao\u00fbt 2003 et num\u00e9ro 132 Septembre\/Octobre 2003 (R\u00e9vue Fran\u00e7ais)<\/li>\n\n\n\n<li>Plaisirs de vivre, Volume 14 No 1 Montr\u00e9al Mars\/Avril 2003<\/li>\n<\/ul>\n\n\n\n<p><strong>COLLECTIONS<\/strong><\/p>\n\n\n\n<ul class=\"wp-block-list\">\n<li>2010 Mus\u00e9e national de c\u00e9ramique de S\u00e8vres, S\u00e8vres \u2013 Cit\u00e9 de la c\u00e9ramique Paris, France<\/li>\n\n\n\n<li>2008 Institut d\u2019art de ceramique de Sanbao, Jingdezhen, Chine<\/li>\n\n\n\n<li>2008 Musee international d\u2019art de la ceramique de Fule, Fuping, Chine<\/li>\n\n\n\n<li>2006 Museum of Contemporary Ceramics, Santo Domingo, Dominican Republic<\/li>\n\n\n\n<li>2006 Museum of Applied Arts, Riga, Latvia<\/li>\n\n\n\n<li>2001-2004 Collection Loto Qu\u00e9bec, Montr\u00e9al, Qu\u00e9bec<\/li>\n\n\n\n<li>2002 Mus\u00e9e Benaki, Ath\u00e8nes, Gr\u00e8ce<\/li>\n\n\n\n<li>2002 The Clay Studio, Philadelphia, PA, USA<\/li>\n\n\n\n<li>2001 Centre exposition mondial de la c\u00e9ramique, Icheon, Cor\u00e9e<\/li>\n\n\n\n<li>2000 Mus\u00e9e Ariana (Mus\u00e9e de c\u00e9ramique et verre) Gen\u00e8ve, Suisse<\/li>\n\n\n\n<li>2000 Keramion (Mus\u00e9e de C\u00e9ramique Contemporaine) Frechen, Allemagne<\/li>\n\n\n\n<li>1999 Ville de Pointe-Claire, Stewart Hall (Pointe-Claire, Qu\u00e9bec)<\/li>\n\n\n\n<li>1999 Placerdome Gold Company (Toronto, Ontario)<\/li>\n\n\n\n<li>1996-1999 Affaires ext\u00e9rieures du Canada: Oeuvres dans les ambassades canadiennes en Arabie Saoudite, en Afrique du Sud et en Jama\u00efque<\/li>\n\n\n\n<li>1994 Mus\u00e9e d\u2019art contemporain (T\u00e9h\u00e9ran, Iran)<\/li>\n\n\n\n<li>1992 La collection Oswald Harding (Kingston, Jama\u00efque)<\/li>\n\n\n\n<li>1991 C\u00e9gep John Abbott (Ste-Anne-de-Bellevue, Qu\u00e9bec)<\/li>\n\n\n\n<li>1990 Consulat g\u00e9n\u00e9ral du Japon (Montr\u00e9al, Qu\u00e9bec)<\/li>\n\n\n\n<li>1988 Burlington Cultural Centre (Burlington, Ontario)<\/li>\n\n\n\n<li>1988 Future Electronics (Montr\u00e9al, Qu\u00e9bec)<\/li>\n\n\n\n<li>1988 Banque Royale du Canada (Montr\u00e9al, Qu\u00e9bec)<\/li>\n\n\n\n<li>1987 Seagram Limited (Montr\u00e9al, Qu\u00e9bec)<\/li>\n<\/ul>\n\n\n\n<p>Oeuvres dans des collections priv\u00e9es en Iran, en Europe, au Japon, aux \u00c9tats-Unis et au Canada&nbsp;<br><\/p>\n","protected":false},"excerpt":{"rendered":"<p>Mahmoud Baghaeian N\u00e9 d\u2019une famille d\u2019artistes Iranienne, Mahmoud Baghaeian a immigr\u00e9 au Canada en 1978. Apr\u00e8s des \u00e9tudes d\u2019ing\u00e9nierie, il d\u00e9couvre l\u2019argile et s\u2019enregistre dans un programme en c\u00e9ramique. Il fait une entr\u00e9e remarqu\u00e9e sur la sc\u00e8ne artistique de Montr\u00e9al avec sa premi\u00e8re exposition majeure en 1990. Son travail est caract\u00e9ris\u00e9 par un d\u00e9cor fluide &hellip; <\/p>\n<p class=\"link-more\"><a href=\"https:\/\/ceramicstudio.ca\/fr\/biographie\/\" class=\"more-link\">Continuer la lecture<span class=\"screen-reader-text\"> de &laquo;&nbsp;Biographie&nbsp;&raquo;<\/span><\/a><\/p>\n","protected":false},"author":1,"featured_media":0,"parent":0,"menu_order":0,"comment_status":"closed","ping_status":"closed","template":"","meta":{"content-type":"","footnotes":""},"class_list":["post-14","page","type-page","status-publish","hentry"],"_links":{"self":[{"href":"https:\/\/ceramicstudio.ca\/fr\/wp-json\/wp\/v2\/pages\/14"}],"collection":[{"href":"https:\/\/ceramicstudio.ca\/fr\/wp-json\/wp\/v2\/pages"}],"about":[{"href":"https:\/\/ceramicstudio.ca\/fr\/wp-json\/wp\/v2\/types\/page"}],"author":[{"embeddable":true,"href":"https:\/\/ceramicstudio.ca\/fr\/wp-json\/wp\/v2\/users\/1"}],"replies":[{"embeddable":true,"href":"https:\/\/ceramicstudio.ca\/fr\/wp-json\/wp\/v2\/comments?post=14"}],"version-history":[{"count":6,"href":"https:\/\/ceramicstudio.ca\/fr\/wp-json\/wp\/v2\/pages\/14\/revisions"}],"predecessor-version":[{"id":432,"href":"https:\/\/ceramicstudio.ca\/fr\/wp-json\/wp\/v2\/pages\/14\/revisions\/432"}],"wp:attachment":[{"href":"https:\/\/ceramicstudio.ca\/fr\/wp-json\/wp\/v2\/media?parent=14"}],"curies":[{"name":"wp","href":"https:\/\/api.w.org\/{rel}","templated":true}]}}