{"id":12,"date":"2018-11-28T01:12:06","date_gmt":"2018-11-28T01:12:06","guid":{"rendered":"https:\/\/ceramicstudio.ca\/fr\/?page_id=12"},"modified":"2026-02-23T22:07:29","modified_gmt":"2026-02-23T22:07:29","slug":"prochains-cours","status":"publish","type":"page","link":"https:\/\/ceramicstudio.ca\/fr\/prochains-cours\/","title":{"rendered":"Cours de poterie"},"content":{"rendered":"\n<h2 class=\"wp-block-heading\"><strong>Cours de poterie<\/strong><\/h2>\n\n\n\n<p><strong>Les cours sont offerts en petits groupes \u00e0 mon atelier dans une atmosph\u00e8re amicale.<\/strong><\/p>\n\n\n\n<p><strong>Inscription pour la session de printemps est ouverte!<\/strong><\/p>\n\n\n\n<p><strong><em>Les \u00e9tudiants en automne peuvent maintenant profiter d&rsquo;un temps libre le samedi matin de 11h \u00e0 14h. <\/em><\/strong><\/p>\n\n\n\n<p><strong>Contenu du cours:<br><\/strong>Un cours amusant et informatif qui donne aux \u00e9tudiants une pratique approfondie sur plusieurs aspects du travail avec l\u2019argile. Nous offrons la possibilit\u00e9 de travailler au tour ou \u00e0&nbsp;la main (fa\u00e7onnage).<\/p>\n\n\n\n<p>Dans un environnement convivial et personnalis\u00e9, le cours aborde les notions de tournage, rognure, d\u00e9coration et gla\u00e7ure. De l\u2019espace, de l\u2019\u00e9quipement et des instructions sont aussi disponibles pour le travail de fa\u00e7onnage \u00e0&nbsp; la main.<\/p>\n\n\n\n<figure class=\"wp-block-image\"><img loading=\"lazy\" decoding=\"async\" width=\"768\" height=\"1024\" src=\"https:\/\/ceramicstudio.ca\/fr\/wp-content\/uploads\/sites\/2\/2019\/02\/IMG_20190207_210728_resized_20190216_024814579-768x1024.jpg\" alt=\"\" class=\"wp-image-115\" srcset=\"https:\/\/ceramicstudio.ca\/fr\/wp-content\/uploads\/sites\/2\/2019\/02\/IMG_20190207_210728_resized_20190216_024814579-768x1024.jpg 768w, https:\/\/ceramicstudio.ca\/fr\/wp-content\/uploads\/sites\/2\/2019\/02\/IMG_20190207_210728_resized_20190216_024814579-225x300.jpg 225w, https:\/\/ceramicstudio.ca\/fr\/wp-content\/uploads\/sites\/2\/2019\/02\/IMG_20190207_210728_resized_20190216_024814579.jpg 1368w\" sizes=\"(max-width: 767px) 89vw, (max-width: 1000px) 54vw, (max-width: 1071px) 543px, 580px\" \/><\/figure>\n\n\n\n<p><strong>Inscription pour la session<\/strong> <strong>d&rsquo;hiver<\/strong> <strong>est ouverte.<\/strong><\/p>\n\n\n\n<p>Les cours sont d\u2019une dur\u00e9e de 3 heures et sont offerts sur une base hebdomadaire pour une p\u00e9riode de 7 semaines.<\/p>\n\n\n\n<p><strong>Les cours vont commencer la semaine du 9 mars, et se terminera le 25 avril. <br><\/strong><\/p>\n\n\n\n<p>Les cours sont offerts les jours suivants:<\/p>\n\n\n\n<figure class=\"wp-block-table\"><table><tbody><tr><td>Lundi<\/td><td>13h &#8211; 16h<br>19h &#8211; 22h<\/td><\/tr><tr><td>Mardi<\/td><td>19h &#8211; 22h<\/td><\/tr><tr><td>Mercredi<\/td><td>19h &#8211; 22h<\/td><\/tr><tr><td>Samedi<\/td><td>14 &#8211; 17h<\/td><\/tr><\/tbody><\/table><\/figure>\n\n\n\n<p><strong>Endroit<\/strong>:<br>Les cours ont lieu \u00e0&nbsp; mon atelier, au 5333, Avenue Casgrain, suite 804, Montr\u00e9al \u00e0 5 minutes de marche du m\u00e9tro Laurier, entre le quartier du Mile-End et Le plateau (autobus \u00e0&nbsp; proximit\u00e9: no 55 et no 30).<\/p>\n\n\n\n<p><strong>Co\u00fbt:&nbsp;<\/strong>(a determiner)<br>\u2013 Tarif : 450 $ (301,39 $ pour le cours + 90 $ pour les mat\u00e9riels + 58,61 $ pour les taxes)<\/p>\n\n\n\n<p>\u2013 Inscription: 100$ frais d&rsquo;inscription est requis \u00e0 l\u2019inscription. les frais d&rsquo;inscription sont inclus dans le tarif mentionn\u00e9  au-dessus Non-remboursable en cas de d\u00e9sistement.<\/p>\n\n\n\n<p>\u2013 Dur\u00e9e: 7 semaines, 3h\/semaine (21h au total). En s\u2019inscrivant, le \/la participant s\u2019engage \u00e0 suivre le cours de 21 heures et de d\u00e9bourser les montants ci-haut mentionn\u00e9s. Aucun remboursement ne sera effectu\u00e9 apr\u00e8s le d\u00e9but des classes.<\/p>\n\n\n\n<p>15kg d\u2019argile et les gla\u00e7ures sont fournies. L\u2019\u00e9quipement complet de poterie est \u00e0 votre disposition \u00e0 l\u2019atelier. Le mat\u00e9riel fourni doit \u00eatre utilis\u00e9 durant le cours. Il n\u2019est pas transf\u00e9rable d\u2019une personne \u00e0 une autre.<\/p>\n\n\n\n<ul class=\"wp-block-list\">\n<li>Le materiel ( l\u2019argile, les gla\u00e7ures, etc.) utilis\u00e9 \u00e0 l\u2019atelier est non-toxique.<\/li>\n\n\n\n<li>Les \u00e9tudiants conservent la totalit\u00e9 du travail produit durant le cours.<\/li>\n<\/ul>\n\n\n\n<p><em><strong>Les \u00e9tudiant(e)s inscrit<em><strong>(e)s<\/strong><\/em> peuvent maintenant profiter d&rsquo;un temps libre, le samedi de 11h \u00e0 14h pendant les 5 premiers semaines. Les places disponibles seront combl\u00e9es selon le principe du premier arriv\u00e9, premier servi. Les \u00e9tudiant(e)s en d\u00e9but de parcours doivent avoir assist\u00e9 \u00e0 un minimum de&nbsp;3 cours avant de pouvoir participer au temps libre.<\/strong><\/em><strong><em> Il n&rsquo;y a aucun temps libre les deux dernieres semaines pendant l&#8217;emaillage.<\/em><\/strong><\/p>\n\n\n\n<p><strong>Ce qu\u2019il faut apporter:<\/strong><br>Vous vous mettrez les mains \u00e0 la p\u00e2te! Donc portez des v\u00eatements confortables que \u00e7a ne vous d\u00e9range pas de voir prendre de la glaise. L\u2019argile part facilement au lavage sans tacher. Vous \u00eates tenu d\u2019apporter une serviette pour vous s\u00e9cher les mains. <\/p>\n\n\n\n<p>Si vous suivez un cours de tournage, il est recommand\u00e9 de ne pas porter de bagues ou de bracelets, et d\u2019avoir les ongles tr\u00e8s courts.<\/p>\n\n\n\n<p>Nul besoin d\u2019apporter des outils. Tout ce qui est n\u00e9cessaire est fourni dans l\u2019atelier.<\/p>\n\n\n\n<p><strong>Pour r\u00e9server votre place vous devez proc\u00e9der au paiement par l\u2019un des moyens suivants. Vous pouvez aussi payer de plusieurs fa\u00e7ons:<\/strong><\/p>\n\n\n\n<p><strong>1- Virement Interac en ligne&nbsp;<\/strong><br>Pour plus d\u2019information sur cette m\u00e9thode de payement et pour v\u00e9rifier si votre institution financi\u00e8re offre ce service, veuillez suivre le lien suivant :<br><a href=\"https:\/\/href.li\/?http:\/\/www.interac.ca\/fr\/virement-interac-consommateurs.html\">http:\/\/www.interac.ca\/fr\/virement-interac-consommateurs.html<\/a><\/p>\n\n\n\n<p><strong>2- Comptant \u00e0 l\u2019atelier<\/strong><br>Pour prendre un rendez-vous, vous pouvez nous contacter par courriel \u00e0 <a href=\"mailto:info@ceramicstudio.ca?subject=Cours%20en%20ceramique\">info@ceramicstudio.ca<\/a> ou contacter Mahmoud directement au 514-284-6630<\/p>\n\n\n\n<p>C&rsquo;est tr\u00e8s important de payer votre d\u00e9p\u00f4t afin de s\u00e9curizer votre participation dans le cours! Nous acceptons plusieurs formes de paiement (ex. Envoyer un virement interac pour le d\u00e9p\u00f4t de 100 $, et payer la balance des frais avec une carte de cr\u00e9dit.) <\/p>\n\n\n\n<p>5333 Avenue Casgrain<br>Suite 804<br>Montr\u00e9al, Qu\u00e9bec<br>Canada H2T 1X3<\/p>\n\n\n\n<h1 class=\"wp-block-heading\">Inscription:<\/h1>\n\n\n\n<p>Les inscriptions pour la session de printemps 2026 sont ouvertes!<br><br>S&rsquo;inscrire ici:<\/p>\n\n\n\n<iframe loading=\"lazy\" src=\"https:\/\/docs.google.com\/forms\/d\/e\/1FAIpQLSdlzHEQxD_eNDQNhZzy-zwATaYRm6nUp4xdFEarLLafMtcxOw\/viewform?embedded=true\" width=\"640\" height=\"2521\" frameborder=\"0\" marginheight=\"0\" marginwidth=\"0\">Loading\u2026<\/iframe>\n\n\n\n<p>courriel :&nbsp;<a href=\"mailto:info@ceramicstudio.ca?subject=Cours%20en%20ceramique\">info@ceramicstudio.ca<\/a>&nbsp;<br>numero de telephone:  (514) 284-6630) <\/p>\n\n\n\n<p><\/p>\n","protected":false},"excerpt":{"rendered":"<p>Cours de poterie Les cours sont offerts en petits groupes \u00e0 mon atelier dans une atmosph\u00e8re amicale. Inscription pour la session de printemps est ouverte! Les \u00e9tudiants en automne peuvent maintenant profiter d&rsquo;un temps libre le samedi matin de 11h \u00e0 14h. Contenu du cours:Un cours amusant et informatif qui donne aux \u00e9tudiants une pratique &hellip; <\/p>\n<p class=\"link-more\"><a href=\"https:\/\/ceramicstudio.ca\/fr\/prochains-cours\/\" class=\"more-link\">Continuer la lecture<span class=\"screen-reader-text\"> de &laquo;&nbsp;Cours de poterie&nbsp;&raquo;<\/span><\/a><\/p>\n","protected":false},"author":1,"featured_media":0,"parent":0,"menu_order":0,"comment_status":"closed","ping_status":"closed","template":"","meta":{"content-type":"","footnotes":""},"class_list":["post-12","page","type-page","status-publish","hentry"],"_links":{"self":[{"href":"https:\/\/ceramicstudio.ca\/fr\/wp-json\/wp\/v2\/pages\/12"}],"collection":[{"href":"https:\/\/ceramicstudio.ca\/fr\/wp-json\/wp\/v2\/pages"}],"about":[{"href":"https:\/\/ceramicstudio.ca\/fr\/wp-json\/wp\/v2\/types\/page"}],"author":[{"embeddable":true,"href":"https:\/\/ceramicstudio.ca\/fr\/wp-json\/wp\/v2\/users\/1"}],"replies":[{"embeddable":true,"href":"https:\/\/ceramicstudio.ca\/fr\/wp-json\/wp\/v2\/comments?post=12"}],"version-history":[{"count":116,"href":"https:\/\/ceramicstudio.ca\/fr\/wp-json\/wp\/v2\/pages\/12\/revisions"}],"predecessor-version":[{"id":499,"href":"https:\/\/ceramicstudio.ca\/fr\/wp-json\/wp\/v2\/pages\/12\/revisions\/499"}],"wp:attachment":[{"href":"https:\/\/ceramicstudio.ca\/fr\/wp-json\/wp\/v2\/media?parent=12"}],"curies":[{"name":"wp","href":"https:\/\/api.w.org\/{rel}","templated":true}]}}